{"id":180,"date":"2021-03-04T13:03:53","date_gmt":"2021-03-04T13:03:53","guid":{"rendered":"https:\/\/brauron.pl\/?page_id=180"},"modified":"2023-05-08T09:12:44","modified_gmt":"2023-05-08T09:12:44","slug":"pliki-do-pobrania","status":"publish","type":"page","link":"https:\/\/brauron.pl\/?page_id=180","title":{"rendered":"Pliki do pobrania"},"content":{"rendered":"\n<p class=\"has-luminous-vivid-amber-color has-black-background-color has-text-color has-background\" style=\"font-size:39px\">Oczy Demona<\/p>\n\n\n\n<figure class=\"wp-block-gallery columns-3 is-cropped wp-block-gallery-1 is-layout-flex wp-block-gallery-is-layout-flex\"><ul class=\"blocks-gallery-grid\"><li class=\"blocks-gallery-item\"><figure><a href=\"https:\/\/brauron.pl\/wp-content\/uploads\/2023\/05\/Screen-Shot-2022-08-09-at-17.30.12.png\"><img loading=\"lazy\" decoding=\"async\" width=\"1024\" height=\"640\" src=\"https:\/\/brauron.pl\/wp-content\/uploads\/2023\/05\/Screen-Shot-2022-08-09-at-17.30.12-1024x640.png\" alt=\"\" data-id=\"338\" data-full-url=\"https:\/\/brauron.pl\/wp-content\/uploads\/2023\/05\/Screen-Shot-2022-08-09-at-17.30.12.png\" data-link=\"https:\/\/brauron.pl\/?attachment_id=338\" class=\"wp-image-338\" srcset=\"https:\/\/brauron.pl\/wp-content\/uploads\/2023\/05\/Screen-Shot-2022-08-09-at-17.30.12-1024x640.png 1024w, https:\/\/brauron.pl\/wp-content\/uploads\/2023\/05\/Screen-Shot-2022-08-09-at-17.30.12-300x188.png 300w, https:\/\/brauron.pl\/wp-content\/uploads\/2023\/05\/Screen-Shot-2022-08-09-at-17.30.12-768x480.png 768w, https:\/\/brauron.pl\/wp-content\/uploads\/2023\/05\/Screen-Shot-2022-08-09-at-17.30.12-1536x960.png 1536w, https:\/\/brauron.pl\/wp-content\/uploads\/2023\/05\/Screen-Shot-2022-08-09-at-17.30.12-2048x1280.png 2048w\" sizes=\"auto, (max-width: 1024px) 100vw, 1024px\" \/><\/a><\/figure><\/li><li class=\"blocks-gallery-item\"><figure><a href=\"https:\/\/brauron.pl\/wp-content\/uploads\/2023\/05\/Screen-Shot-2022-08-09-at-17.28.48.png\"><img loading=\"lazy\" decoding=\"async\" width=\"1024\" height=\"640\" src=\"https:\/\/brauron.pl\/wp-content\/uploads\/2023\/05\/Screen-Shot-2022-08-09-at-17.28.48-1024x640.png\" alt=\"\" data-id=\"337\" data-full-url=\"https:\/\/brauron.pl\/wp-content\/uploads\/2023\/05\/Screen-Shot-2022-08-09-at-17.28.48.png\" data-link=\"https:\/\/brauron.pl\/?attachment_id=337\" class=\"wp-image-337\" srcset=\"https:\/\/brauron.pl\/wp-content\/uploads\/2023\/05\/Screen-Shot-2022-08-09-at-17.28.48-1024x640.png 1024w, https:\/\/brauron.pl\/wp-content\/uploads\/2023\/05\/Screen-Shot-2022-08-09-at-17.28.48-300x188.png 300w, https:\/\/brauron.pl\/wp-content\/uploads\/2023\/05\/Screen-Shot-2022-08-09-at-17.28.48-768x480.png 768w, https:\/\/brauron.pl\/wp-content\/uploads\/2023\/05\/Screen-Shot-2022-08-09-at-17.28.48-1536x960.png 1536w, https:\/\/brauron.pl\/wp-content\/uploads\/2023\/05\/Screen-Shot-2022-08-09-at-17.28.48-2048x1280.png 2048w\" sizes=\"auto, (max-width: 1024px) 100vw, 1024px\" \/><\/a><\/figure><\/li><li class=\"blocks-gallery-item\"><figure><a href=\"https:\/\/brauron.pl\/wp-content\/uploads\/2023\/05\/Screen-Shot-2022-08-09-at-17.22.02.png\"><img loading=\"lazy\" decoding=\"async\" width=\"1024\" height=\"640\" src=\"https:\/\/brauron.pl\/wp-content\/uploads\/2023\/05\/Screen-Shot-2022-08-09-at-17.22.02-1024x640.png\" alt=\"\" data-id=\"336\" data-full-url=\"https:\/\/brauron.pl\/wp-content\/uploads\/2023\/05\/Screen-Shot-2022-08-09-at-17.22.02.png\" data-link=\"https:\/\/brauron.pl\/?attachment_id=336\" class=\"wp-image-336\" srcset=\"https:\/\/brauron.pl\/wp-content\/uploads\/2023\/05\/Screen-Shot-2022-08-09-at-17.22.02-1024x640.png 1024w, https:\/\/brauron.pl\/wp-content\/uploads\/2023\/05\/Screen-Shot-2022-08-09-at-17.22.02-300x188.png 300w, https:\/\/brauron.pl\/wp-content\/uploads\/2023\/05\/Screen-Shot-2022-08-09-at-17.22.02-768x480.png 768w, https:\/\/brauron.pl\/wp-content\/uploads\/2023\/05\/Screen-Shot-2022-08-09-at-17.22.02-1536x960.png 1536w, https:\/\/brauron.pl\/wp-content\/uploads\/2023\/05\/Screen-Shot-2022-08-09-at-17.22.02-2048x1280.png 2048w\" sizes=\"auto, (max-width: 1024px) 100vw, 1024px\" \/><\/a><\/figure><\/li><li class=\"blocks-gallery-item\"><figure><a href=\"https:\/\/brauron.pl\/wp-content\/uploads\/2023\/05\/Screen-Shot-2022-08-09-at-17.06.15.png\"><img loading=\"lazy\" decoding=\"async\" width=\"1024\" height=\"640\" src=\"https:\/\/brauron.pl\/wp-content\/uploads\/2023\/05\/Screen-Shot-2022-08-09-at-17.06.15-1024x640.png\" alt=\"\" data-id=\"335\" data-full-url=\"https:\/\/brauron.pl\/wp-content\/uploads\/2023\/05\/Screen-Shot-2022-08-09-at-17.06.15.png\" data-link=\"https:\/\/brauron.pl\/?attachment_id=335\" class=\"wp-image-335\" srcset=\"https:\/\/brauron.pl\/wp-content\/uploads\/2023\/05\/Screen-Shot-2022-08-09-at-17.06.15-1024x640.png 1024w, https:\/\/brauron.pl\/wp-content\/uploads\/2023\/05\/Screen-Shot-2022-08-09-at-17.06.15-300x188.png 300w, https:\/\/brauron.pl\/wp-content\/uploads\/2023\/05\/Screen-Shot-2022-08-09-at-17.06.15-768x480.png 768w, https:\/\/brauron.pl\/wp-content\/uploads\/2023\/05\/Screen-Shot-2022-08-09-at-17.06.15-1536x960.png 1536w, https:\/\/brauron.pl\/wp-content\/uploads\/2023\/05\/Screen-Shot-2022-08-09-at-17.06.15-2048x1280.png 2048w\" sizes=\"auto, (max-width: 1024px) 100vw, 1024px\" \/><\/a><\/figure><\/li><li class=\"blocks-gallery-item\"><figure><a href=\"https:\/\/brauron.pl\/wp-content\/uploads\/2023\/05\/Screen-Shot-2022-08-09-at-16.59.11.png\"><img loading=\"lazy\" decoding=\"async\" width=\"1024\" height=\"640\" src=\"https:\/\/brauron.pl\/wp-content\/uploads\/2023\/05\/Screen-Shot-2022-08-09-at-16.59.11-1024x640.png\" alt=\"\" data-id=\"334\" data-full-url=\"https:\/\/brauron.pl\/wp-content\/uploads\/2023\/05\/Screen-Shot-2022-08-09-at-16.59.11.png\" data-link=\"https:\/\/brauron.pl\/?attachment_id=334\" class=\"wp-image-334\" srcset=\"https:\/\/brauron.pl\/wp-content\/uploads\/2023\/05\/Screen-Shot-2022-08-09-at-16.59.11-1024x640.png 1024w, https:\/\/brauron.pl\/wp-content\/uploads\/2023\/05\/Screen-Shot-2022-08-09-at-16.59.11-300x188.png 300w, https:\/\/brauron.pl\/wp-content\/uploads\/2023\/05\/Screen-Shot-2022-08-09-at-16.59.11-768x480.png 768w, https:\/\/brauron.pl\/wp-content\/uploads\/2023\/05\/Screen-Shot-2022-08-09-at-16.59.11-1536x960.png 1536w, https:\/\/brauron.pl\/wp-content\/uploads\/2023\/05\/Screen-Shot-2022-08-09-at-16.59.11-2048x1280.png 2048w\" sizes=\"auto, (max-width: 1024px) 100vw, 1024px\" \/><\/a><\/figure><\/li><li class=\"blocks-gallery-item\"><figure><a href=\"https:\/\/brauron.pl\/wp-content\/uploads\/2023\/05\/Screen-Shot-2022-08-09-at-16.55.46.png\"><img loading=\"lazy\" decoding=\"async\" width=\"1024\" height=\"640\" src=\"https:\/\/brauron.pl\/wp-content\/uploads\/2023\/05\/Screen-Shot-2022-08-09-at-16.55.46-1024x640.png\" alt=\"\" data-id=\"333\" data-full-url=\"https:\/\/brauron.pl\/wp-content\/uploads\/2023\/05\/Screen-Shot-2022-08-09-at-16.55.46.png\" data-link=\"https:\/\/brauron.pl\/?attachment_id=333\" class=\"wp-image-333\" srcset=\"https:\/\/brauron.pl\/wp-content\/uploads\/2023\/05\/Screen-Shot-2022-08-09-at-16.55.46-1024x640.png 1024w, https:\/\/brauron.pl\/wp-content\/uploads\/2023\/05\/Screen-Shot-2022-08-09-at-16.55.46-300x188.png 300w, https:\/\/brauron.pl\/wp-content\/uploads\/2023\/05\/Screen-Shot-2022-08-09-at-16.55.46-768x480.png 768w, https:\/\/brauron.pl\/wp-content\/uploads\/2023\/05\/Screen-Shot-2022-08-09-at-16.55.46-1536x960.png 1536w, https:\/\/brauron.pl\/wp-content\/uploads\/2023\/05\/Screen-Shot-2022-08-09-at-16.55.46-2048x1280.png 2048w\" sizes=\"auto, (max-width: 1024px) 100vw, 1024px\" \/><\/a><\/figure><\/li><li class=\"blocks-gallery-item\"><figure><a href=\"https:\/\/brauron.pl\/wp-content\/uploads\/2023\/05\/Screen-Shot-2022-08-09-at-16.18.43.png\"><img loading=\"lazy\" decoding=\"async\" width=\"1024\" height=\"640\" src=\"https:\/\/brauron.pl\/wp-content\/uploads\/2023\/05\/Screen-Shot-2022-08-09-at-16.18.43-1024x640.png\" alt=\"\" data-id=\"326\" data-full-url=\"https:\/\/brauron.pl\/wp-content\/uploads\/2023\/05\/Screen-Shot-2022-08-09-at-16.18.43.png\" data-link=\"https:\/\/brauron.pl\/?attachment_id=326\" class=\"wp-image-326\" srcset=\"https:\/\/brauron.pl\/wp-content\/uploads\/2023\/05\/Screen-Shot-2022-08-09-at-16.18.43-1024x640.png 1024w, https:\/\/brauron.pl\/wp-content\/uploads\/2023\/05\/Screen-Shot-2022-08-09-at-16.18.43-300x188.png 300w, https:\/\/brauron.pl\/wp-content\/uploads\/2023\/05\/Screen-Shot-2022-08-09-at-16.18.43-768x480.png 768w, https:\/\/brauron.pl\/wp-content\/uploads\/2023\/05\/Screen-Shot-2022-08-09-at-16.18.43-1536x960.png 1536w, https:\/\/brauron.pl\/wp-content\/uploads\/2023\/05\/Screen-Shot-2022-08-09-at-16.18.43-2048x1280.png 2048w\" sizes=\"auto, (max-width: 1024px) 100vw, 1024px\" \/><\/a><\/figure><\/li><li class=\"blocks-gallery-item\"><figure><a href=\"https:\/\/brauron.pl\/wp-content\/uploads\/2023\/05\/Screen-Shot-2022-08-09-at-16.27.04.png\"><img loading=\"lazy\" decoding=\"async\" width=\"1024\" height=\"640\" src=\"https:\/\/brauron.pl\/wp-content\/uploads\/2023\/05\/Screen-Shot-2022-08-09-at-16.27.04-1024x640.png\" alt=\"\" data-id=\"327\" data-full-url=\"https:\/\/brauron.pl\/wp-content\/uploads\/2023\/05\/Screen-Shot-2022-08-09-at-16.27.04.png\" data-link=\"https:\/\/brauron.pl\/?attachment_id=327\" class=\"wp-image-327\" srcset=\"https:\/\/brauron.pl\/wp-content\/uploads\/2023\/05\/Screen-Shot-2022-08-09-at-16.27.04-1024x640.png 1024w, https:\/\/brauron.pl\/wp-content\/uploads\/2023\/05\/Screen-Shot-2022-08-09-at-16.27.04-300x188.png 300w, https:\/\/brauron.pl\/wp-content\/uploads\/2023\/05\/Screen-Shot-2022-08-09-at-16.27.04-768x480.png 768w, https:\/\/brauron.pl\/wp-content\/uploads\/2023\/05\/Screen-Shot-2022-08-09-at-16.27.04-1536x960.png 1536w, https:\/\/brauron.pl\/wp-content\/uploads\/2023\/05\/Screen-Shot-2022-08-09-at-16.27.04-2048x1280.png 2048w\" sizes=\"auto, (max-width: 1024px) 100vw, 1024px\" \/><\/a><\/figure><\/li><li class=\"blocks-gallery-item\"><figure><a href=\"https:\/\/brauron.pl\/wp-content\/uploads\/2023\/05\/Screen-Shot-2022-08-09-at-16.41.23.png\"><img loading=\"lazy\" decoding=\"async\" width=\"1024\" height=\"640\" src=\"https:\/\/brauron.pl\/wp-content\/uploads\/2023\/05\/Screen-Shot-2022-08-09-at-16.41.23-1024x640.png\" alt=\"\" data-id=\"329\" data-full-url=\"https:\/\/brauron.pl\/wp-content\/uploads\/2023\/05\/Screen-Shot-2022-08-09-at-16.41.23.png\" data-link=\"https:\/\/brauron.pl\/?attachment_id=329\" class=\"wp-image-329\" srcset=\"https:\/\/brauron.pl\/wp-content\/uploads\/2023\/05\/Screen-Shot-2022-08-09-at-16.41.23-1024x640.png 1024w, https:\/\/brauron.pl\/wp-content\/uploads\/2023\/05\/Screen-Shot-2022-08-09-at-16.41.23-300x188.png 300w, https:\/\/brauron.pl\/wp-content\/uploads\/2023\/05\/Screen-Shot-2022-08-09-at-16.41.23-768x480.png 768w, https:\/\/brauron.pl\/wp-content\/uploads\/2023\/05\/Screen-Shot-2022-08-09-at-16.41.23-1536x960.png 1536w, https:\/\/brauron.pl\/wp-content\/uploads\/2023\/05\/Screen-Shot-2022-08-09-at-16.41.23-2048x1280.png 2048w\" sizes=\"auto, (max-width: 1024px) 100vw, 1024px\" \/><\/a><\/figure><\/li><li class=\"blocks-gallery-item\"><figure><a href=\"https:\/\/brauron.pl\/wp-content\/uploads\/2023\/05\/Screen-Shot-2022-08-09-at-16.44.33.png\"><img loading=\"lazy\" decoding=\"async\" width=\"1024\" height=\"640\" src=\"https:\/\/brauron.pl\/wp-content\/uploads\/2023\/05\/Screen-Shot-2022-08-09-at-16.44.33-1024x640.png\" alt=\"\" data-id=\"330\" data-full-url=\"https:\/\/brauron.pl\/wp-content\/uploads\/2023\/05\/Screen-Shot-2022-08-09-at-16.44.33.png\" data-link=\"https:\/\/brauron.pl\/?attachment_id=330\" class=\"wp-image-330\" srcset=\"https:\/\/brauron.pl\/wp-content\/uploads\/2023\/05\/Screen-Shot-2022-08-09-at-16.44.33-1024x640.png 1024w, https:\/\/brauron.pl\/wp-content\/uploads\/2023\/05\/Screen-Shot-2022-08-09-at-16.44.33-300x188.png 300w, https:\/\/brauron.pl\/wp-content\/uploads\/2023\/05\/Screen-Shot-2022-08-09-at-16.44.33-768x480.png 768w, https:\/\/brauron.pl\/wp-content\/uploads\/2023\/05\/Screen-Shot-2022-08-09-at-16.44.33-1536x960.png 1536w, https:\/\/brauron.pl\/wp-content\/uploads\/2023\/05\/Screen-Shot-2022-08-09-at-16.44.33-2048x1280.png 2048w\" sizes=\"auto, (max-width: 1024px) 100vw, 1024px\" \/><\/a><\/figure><\/li><li class=\"blocks-gallery-item\"><figure><a href=\"https:\/\/brauron.pl\/wp-content\/uploads\/2023\/05\/Screen-Shot-2022-08-09-at-16.46.14.png\"><img loading=\"lazy\" decoding=\"async\" width=\"1024\" height=\"640\" src=\"https:\/\/brauron.pl\/wp-content\/uploads\/2023\/05\/Screen-Shot-2022-08-09-at-16.46.14-1024x640.png\" alt=\"\" data-id=\"331\" data-full-url=\"https:\/\/brauron.pl\/wp-content\/uploads\/2023\/05\/Screen-Shot-2022-08-09-at-16.46.14.png\" data-link=\"https:\/\/brauron.pl\/?attachment_id=331\" class=\"wp-image-331\" srcset=\"https:\/\/brauron.pl\/wp-content\/uploads\/2023\/05\/Screen-Shot-2022-08-09-at-16.46.14-1024x640.png 1024w, https:\/\/brauron.pl\/wp-content\/uploads\/2023\/05\/Screen-Shot-2022-08-09-at-16.46.14-300x188.png 300w, https:\/\/brauron.pl\/wp-content\/uploads\/2023\/05\/Screen-Shot-2022-08-09-at-16.46.14-768x480.png 768w, https:\/\/brauron.pl\/wp-content\/uploads\/2023\/05\/Screen-Shot-2022-08-09-at-16.46.14-1536x960.png 1536w, https:\/\/brauron.pl\/wp-content\/uploads\/2023\/05\/Screen-Shot-2022-08-09-at-16.46.14-2048x1280.png 2048w\" sizes=\"auto, (max-width: 1024px) 100vw, 1024px\" \/><\/a><\/figure><\/li><li class=\"blocks-gallery-item\"><figure><a href=\"https:\/\/brauron.pl\/wp-content\/uploads\/2023\/05\/Screen-Shot-2022-08-09-at-16.53.25.png\"><img loading=\"lazy\" decoding=\"async\" width=\"1024\" height=\"640\" src=\"https:\/\/brauron.pl\/wp-content\/uploads\/2023\/05\/Screen-Shot-2022-08-09-at-16.53.25-1024x640.png\" alt=\"\" data-id=\"332\" data-full-url=\"https:\/\/brauron.pl\/wp-content\/uploads\/2023\/05\/Screen-Shot-2022-08-09-at-16.53.25.png\" data-link=\"https:\/\/brauron.pl\/?attachment_id=332\" class=\"wp-image-332\" srcset=\"https:\/\/brauron.pl\/wp-content\/uploads\/2023\/05\/Screen-Shot-2022-08-09-at-16.53.25-1024x640.png 1024w, https:\/\/brauron.pl\/wp-content\/uploads\/2023\/05\/Screen-Shot-2022-08-09-at-16.53.25-300x188.png 300w, https:\/\/brauron.pl\/wp-content\/uploads\/2023\/05\/Screen-Shot-2022-08-09-at-16.53.25-768x480.png 768w, https:\/\/brauron.pl\/wp-content\/uploads\/2023\/05\/Screen-Shot-2022-08-09-at-16.53.25-1536x960.png 1536w, https:\/\/brauron.pl\/wp-content\/uploads\/2023\/05\/Screen-Shot-2022-08-09-at-16.53.25-2048x1280.png 2048w\" sizes=\"auto, (max-width: 1024px) 100vw, 1024px\" \/><\/a><\/figure><\/li><\/ul><\/figure>\n\n\n\n<p>Ameryka\u0144ska, telewizyjna ekipa poszukuj\u0105ca zjawiska paranormalne na ca\u0142ym \u015bwiecie, udaje si\u0119 do idyllicznego Fraser\u201ds Hill na g\u00f3rzystym obszarze Malezji.W sk\u0142ad ekipy wchodz\u0105 mi\u0119dzy innymi pi\u0119kna, ezoteryczna Jules i sceptyczny Ben. Maj\u0105 tam nagra\u0107 materia\u0142 o nawiedzeniach starego domu. Jego nowi w\u0142a\u015bciciele Ian i Martha twierdz\u0105, \u017ce do\u015bwiadczyli tam dziwnych fenomen\u00f3w. Zg\u0142\u0119biaj\u0105c zagadk\u0119 ekipa napotyka przypadki op\u0119tania i upiory tak przera\u017caj\u0105ce i silne, jakich nigdy dot\u0105d nie napotkali w swej praktyce. Krok po kroku odkrywaj\u0105 ponure tajemnic historii domostwa, zwi\u0105zane z pradawnym, zakazanym tajskim rytua\u0142em, martwymi noworodkami, b\u0142\u0105kaj\u0105cymi si\u0119 duszami kobiet oraz brutaln\u0105 nadprzyrodzon\u0105 si\u0142\u0105, kt\u00f3ra grozi zag\u0142ad\u0105 ka\u017cdemu, kto wejdzie z ni\u0105 w kontakt. Jules w dzieci\u0144stwie zetkn\u0119\u0142a si\u0119 z nieziemsk\u0105 moc\u0105, mo\u017ce to sprawi, \u017ce jako jedyna b\u0119dzie w stanie stan\u0105\u0107 do walki ze z\u0142ymi mocami.<\/p>\n\n\n\n<p><a href=\"https:\/\/sync.filemail.com\/t\/z1JaS0N1\">Oczy Demona Zwiastun DCP<\/a><\/p>\n\n\n\n<p><a href=\"http:\/\/www.brauron.pl\/OczyDemona_TLR_EN-pl_20221025.mp4\">Oczy Demona Zwiastun MP4<\/a><\/p>\n\n\n\n<p><a href=\"http:\/\/www.brauron.pl\/Oczy_Demona.rar\">Oczy Demona &#8211; Zdj\u0119cia<\/a><\/p>\n\n\n\n<p><a href=\"http:\/\/www.brauron.pl\/Kreacje.zip\">Oczy Demona &#8211; Kreacje<\/a><\/p>\n\n\n\n<div class=\"wp-block-file\"><a href=\"https:\/\/brauron.pl\/wp-content\/uploads\/2023\/05\/Oczy-Demona.-Zwiastun.-v2.mp4\">Oczy Demona &#8211; Zwiastun<\/a><a href=\"https:\/\/brauron.pl\/wp-content\/uploads\/2023\/05\/Oczy-Demona.-Zwiastun.-v2.mp4\" class=\"wp-block-file__button\" download>Pobierz<\/a><\/div>\n\n\n\n<div class=\"wp-block-file\"><a href=\"https:\/\/brauron.pl\/wp-content\/uploads\/2023\/05\/DEMON_plakat-10-1-scaled.jpg\">Oczy Demona &#8211; Plakat<\/a><a href=\"https:\/\/brauron.pl\/wp-content\/uploads\/2023\/05\/DEMON_plakat-10-1-scaled.jpg\" class=\"wp-block-file__button\" download>Pobierz<\/a><\/div>\n\n\n\n<figure class=\"wp-block-video\"><video height=\"1080\" style=\"aspect-ratio: 1920 \/ 1080;\" width=\"1920\" controls src=\"https:\/\/brauron.pl\/wp-content\/uploads\/2023\/05\/Oczy-Demona.-Zwiastun.-v2-1.mp4\"><\/video><\/figure>\n\n\n\n<hr class=\"wp-block-separator is-style-default\"\/>\n\n\n\n<hr class=\"wp-block-separator is-style-wide\"\/>\n\n\n\n<hr class=\"wp-block-separator is-style-default\"\/>\n\n\n\n<div class=\"wp-block-group\"><div class=\"wp-block-group__inner-container is-layout-flow wp-block-group-is-layout-flow\">\n<div class=\"wp-block-group\"><div class=\"wp-block-group__inner-container is-layout-flow wp-block-group-is-layout-flow\">\n<div class=\"wp-block-columns is-layout-flex wp-container-core-columns-is-layout-9d6595d7 wp-block-columns-is-layout-flex\">\n<div class=\"wp-block-column is-layout-flow wp-block-column-is-layout-flow\" style=\"flex-basis:100%\"><\/div>\n<\/div>\n<\/div><\/div>\n<\/div><\/div>\n\n\n\n<p><\/p>\n","protected":false},"excerpt":{"rendered":"<p>Oczy Demona Ameryka\u0144ska, telewizyjna ekipa poszukuj\u0105ca zjawiska paranormalne na ca\u0142ym \u015bwiecie, udaje si\u0119 do idyllicznego Fraser\u201ds Hill na g\u00f3rzystym obszarze &hellip; <a href=\"https:\/\/brauron.pl\/?page_id=180\" class=\"more-link\">Czytaj dalej <span class=\"screen-reader-text\">Pliki do pobrania<\/span><\/a><\/p>\n","protected":false},"author":1,"featured_media":0,"parent":0,"menu_order":0,"comment_status":"closed","ping_status":"closed","template":"page-templates\/no-sidebar.php","meta":{"footnotes":""},"class_list":["post-180","page","type-page","status-publish","hentry"],"_links":{"self":[{"href":"https:\/\/brauron.pl\/index.php?rest_route=\/wp\/v2\/pages\/180","targetHints":{"allow":["GET"]}}],"collection":[{"href":"https:\/\/brauron.pl\/index.php?rest_route=\/wp\/v2\/pages"}],"about":[{"href":"https:\/\/brauron.pl\/index.php?rest_route=\/wp\/v2\/types\/page"}],"author":[{"embeddable":true,"href":"https:\/\/brauron.pl\/index.php?rest_route=\/wp\/v2\/users\/1"}],"replies":[{"embeddable":true,"href":"https:\/\/brauron.pl\/index.php?rest_route=%2Fwp%2Fv2%2Fcomments&post=180"}],"version-history":[{"count":67,"href":"https:\/\/brauron.pl\/index.php?rest_route=\/wp\/v2\/pages\/180\/revisions"}],"predecessor-version":[{"id":357,"href":"https:\/\/brauron.pl\/index.php?rest_route=\/wp\/v2\/pages\/180\/revisions\/357"}],"wp:attachment":[{"href":"https:\/\/brauron.pl\/index.php?rest_route=%2Fwp%2Fv2%2Fmedia&parent=180"}],"curies":[{"name":"wp","href":"https:\/\/api.w.org\/{rel}","templated":true}]}}